{"id":30754,"date":"2021-02-18T18:07:30","date_gmt":"2021-02-18T17:07:30","guid":{"rendered":"https:\/\/segimo.ch\/testimonials\/"},"modified":"2021-04-30T15:35:29","modified_gmt":"2021-04-30T13:35:29","slug":"testimonials","status":"publish","type":"page","link":"https:\/\/segimo.ch\/en\/testimonials\/","title":{"rendered":"Testimonials"},"content":{"rendered":"<p>[et_pb_section fb_built=&#8221;1&#8243; custom_padding_last_edited=&#8221;off|desktop&#8221; module_class=&#8221;hero-section&#8221; _builder_version=&#8221;4.9.0&#8243; _module_preset=&#8221;default&#8221; background_color=&#8221;#15151e&#8221; background_image=&#8221;https:\/\/segimo.ch\/wp-content\/uploads\/2021\/02\/bg-typewriter-min.jpg&#8221; custom_padding=&#8221;0px|15px|0px|15px|true|true&#8221;][et_pb_row _builder_version=&#8221;4.6.6&#8243; _module_preset=&#8221;default&#8221; width=&#8221;100%&#8221; max_width=&#8221;760px&#8221; module_alignment=&#8221;center&#8221; custom_padding=&#8221;93px|0px|80px|0px|false|true&#8221;][et_pb_column type=&#8221;4_4&#8243; _builder_version=&#8221;4.6.6&#8243; _module_preset=&#8221;default&#8221;][et_pb_text admin_label=&#8221;T\u00e9moignages&#8221; module_class=&#8221;hero-title-middle&#8221; _builder_version=&#8221;4.7.7&#8243; _module_preset=&#8221;default&#8221; header_font=&#8221;|600|||||||&#8221; header_text_align=&#8221;center&#8221; header_font_size=&#8221;60px&#8221; header_letter_spacing=&#8221;2.5px&#8221; header_line_height=&#8221;63px&#8221; text_orientation=&#8221;center&#8221; background_layout=&#8221;dark&#8221; header_font_size_tablet=&#8221;&#8221; header_font_size_phone=&#8221;30px&#8221; header_font_size_last_edited=&#8221;on|phone&#8221; header_line_height_tablet=&#8221;&#8221; header_line_height_phone=&#8221;45px&#8221; header_line_height_last_edited=&#8221;on|phone&#8221;]<\/p>\n<h1>Testimonials<\/h1>\n<p>[\/et_pb_text][\/et_pb_column][\/et_pb_row][\/et_pb_section][et_pb_section fb_built=&#8221;1&#8243; _builder_version=&#8221;4.7.0&#8243; _module_preset=&#8221;default&#8221; custom_padding=&#8221;112px|15px|112px|15px|true|true&#8221;][et_pb_row column_structure=&#8221;1_3,2_3&#8243; module_class=&#8221;sticky-parent&#8221; _builder_version=&#8221;4.7.7&#8243; _module_preset=&#8221;default&#8221; width=&#8221;100%&#8221; max_width=&#8221;1284px&#8221; module_alignment=&#8221;center&#8221; custom_padding=&#8221;0px||0px||true|false&#8221;][et_pb_column type=&#8221;1_3&#8243; module_class=&#8221;sticky-element&#8221; _builder_version=&#8221;4.7.7&#8243; _module_preset=&#8221;default&#8221; custom_padding=&#8221;|59px|||false|false&#8221; custom_padding_tablet=&#8221;|0px|59px||false|false&#8221; custom_padding_phone=&#8221;|0px|||false|false&#8221; custom_padding_last_edited=&#8221;on|tablet&#8221;][et_pb_text admin_label=&#8221;Sup Heading&#8221; module_class=&#8221;weight-500-title heading-no-padding&#8221; _builder_version=&#8221;4.7.0&#8243; _module_preset=&#8221;default&#8221; header_2_font=&#8221;|||on|||||&#8221; header_2_font_size=&#8221;16px&#8221; header_2_letter_spacing=&#8221;0.67px&#8221; header_2_line_height=&#8221;20px&#8221; custom_margin=&#8221;||8px||false|false&#8221;]<\/p>\n<h2>Satisfied with our services?<\/h2>\n<p>[\/et_pb_text][et_pb_text admin_label=&#8221;Une \u00e9quipe de professionnels \u00e0 votre \u00e9coute&#8221; module_class=&#8221;heading-no-padding weight-500-title&#8221; _builder_version=&#8221;4.7.0&#8243; _module_preset=&#8221;default&#8221; header_2_font=&#8221;|||on|||||&#8221; header_2_font_size=&#8221;16px&#8221; header_2_letter_spacing=&#8221;0.67px&#8221; header_2_line_height=&#8221;20px&#8221; header_3_font=&#8221;|600|||||||&#8221; header_3_font_size=&#8221;32px&#8221; header_3_letter_spacing=&#8221;1.33px&#8221; header_3_line_height=&#8221;38px&#8221; custom_margin=&#8221;||24px||false|false&#8221; header_3_font_size_tablet=&#8221;&#8221; header_3_font_size_phone=&#8221;28px&#8221; header_3_font_size_last_edited=&#8221;on|phone&#8221; header_3_line_height_tablet=&#8221;&#8221; header_3_line_height_phone=&#8221;34px&#8221; header_3_line_height_last_edited=&#8221;on|phone&#8221;]<\/p>\n<h3>Write us your testimonial !<\/h3>\n<p>[\/et_pb_text][et_pb_text _builder_version=&#8221;4.7.0&#8243; _module_preset=&#8221;default&#8221; text_font=&#8221;|300|||||||&#8221; text_line_height=&#8221;24px&#8221;]<\/p>\n<p>At Segimo, we value your fidelity and opinions. Do not hesitate to share your experience via an online testimonial.<\/p>\n<p>[\/et_pb_text][et_pb_button button_url=&#8221;\/en\/contact\/?subject=Testimonials&#038;send=testimonials&#8221; button_text=&#8221;Write a testimonial&#8221; button_alignment=&#8221;center&#8221; module_class=&#8221;full-width-btn weight-500 red-hover&#8221; _builder_version=&#8221;4.9.0&#8243; _module_preset=&#8221;default&#8221; custom_button=&#8221;on&#8221; button_text_color=&#8221;#ffffff&#8221; button_bg_color=&#8221;#e80600&#8243; button_border_color=&#8221;#e80600&#8243; button_border_radius=&#8221;10px&#8221; button_letter_spacing=&#8221;0.67px&#8221; button_use_icon=&#8221;off&#8221; background_layout=&#8221;dark&#8221; custom_margin=&#8221;48px||||false|false&#8221; custom_padding=&#8221;13px|30px|13px|30px|true|true&#8221; hover_enabled=&#8221;0&#8243; button_text_color__hover_enabled=&#8221;off|desktop&#8221; button_bg_color__hover_enabled=&#8221;off|desktop&#8221; button_bg_color__hover=&#8221;rgba(0,0,0,0)&#8221; button_bg_enable_color__hover=&#8221;on&#8221; button_border_color__hover_enabled=&#8221;off|desktop&#8221; button_border_color__hover=&#8221;#ffffff&#8221; sticky_enabled=&#8221;0&#8243;][\/et_pb_button][\/et_pb_column][et_pb_column type=&#8221;2_3&#8243; _builder_version=&#8221;4.6.6&#8243; _module_preset=&#8221;default&#8221;][ca_pb_testimonials_cards posts_number=&#8221;10&#8243; _builder_version=&#8221;4.9.0&#8243; _module_preset=&#8221;default&#8221;][\/ca_pb_testimonials_cards][\/et_pb_column][\/et_pb_row][\/et_pb_section]<\/p>\n","protected":false},"excerpt":{"rendered":"<p>TestimonialsSatisfied with our services?Write us your testimonial !At Segimo, we value your fidelity and opinions. Do not hesitate to share your experience via an online testimonial.[ca_pb_testimonials_cards posts_number=&#8221;10&#8243; _builder_version=&#8221;4.9.0&#8243; _module_preset=&#8221;default&#8221;][\/ca_pb_testimonials_cards]<\/p>\n","protected":false},"author":5,"featured_media":30716,"parent":0,"menu_order":0,"comment_status":"closed","ping_status":"closed","template":"","meta":{"_et_pb_use_builder":"on","_et_pb_old_content":"","_et_gb_content_width":"","footnotes":""},"class_list":["post-30754","page","type-page","status-publish","has-post-thumbnail","hentry"],"yoast_head":"<!-- This site is optimized with the Yoast SEO plugin v27.0 - https:\/\/yoast.com\/product\/yoast-seo-wordpress\/ -->\n<title>Testimonials - Segimo - Groupe Immobilier Gen\u00e8ve - Vaud - Fribourg - Valais<\/title>\n<meta name=\"description\" content=\"Segimo est une agence immobiliere bas\u00e9e \u00e0 Gen\u00e8ve sp\u00e9cialis\u00e9e dans la vente d&#039;objet immobilier sur le Canton de Geneve, Vaud et en Suisse Romande.\" \/>\n<meta name=\"robots\" content=\"index, follow, max-snippet:-1, max-image-preview:large, max-video-preview:-1\" \/>\n<link rel=\"canonical\" href=\"https:\/\/segimo.ch\/testimonials\/\" \/>\n<meta property=\"og:locale\" content=\"en_US\" \/>\n<meta property=\"og:type\" content=\"article\" \/>\n<meta property=\"og:title\" content=\"Testimonials - Segimo - Groupe Immobilier Gen\u00e8ve - Vaud - Fribourg - Valais\" \/>\n<meta property=\"og:description\" content=\"Segimo est une agence immobiliere bas\u00e9e \u00e0 Gen\u00e8ve sp\u00e9cialis\u00e9e dans la vente d&#039;objet immobilier sur le Canton de Geneve, Vaud et en Suisse Romande.\" \/>\n<meta property=\"og:url\" content=\"https:\/\/segimo.ch\/testimonials\/\" \/>\n<meta property=\"og:site_name\" content=\"Segimo\" \/>\n<meta property=\"article:modified_time\" content=\"2021-04-30T13:35:29+00:00\" \/>\n<meta property=\"og:image\" content=\"https:\/\/segimo.ch\/wp-content\/uploads\/2021\/02\/bg-typewriter-min.jpg\" \/>\n\t<meta property=\"og:image:width\" content=\"1916\" \/>\n\t<meta property=\"og:image:height\" content=\"1046\" \/>\n\t<meta property=\"og:image:type\" content=\"image\/jpeg\" \/>\n<meta name=\"twitter:card\" content=\"summary_large_image\" \/>\n<meta name=\"twitter:label1\" content=\"Est. reading time\" \/>\n\t<meta name=\"twitter:data1\" content=\"3 minutes\" \/>\n<script type=\"application\/ld+json\" class=\"yoast-schema-graph\">{\"@context\":\"https:\/\/schema.org\",\"@graph\":[{\"@type\":\"WebPage\",\"@id\":\"https:\/\/segimo.ch\/testimonials\/\",\"url\":\"https:\/\/segimo.ch\/testimonials\/\",\"name\":\"Testimonials - Segimo - Groupe Immobilier Gen\u00e8ve - Vaud - Fribourg - Valais\",\"isPartOf\":{\"@id\":\"https:\/\/segimo.ch\/#website\"},\"primaryImageOfPage\":{\"@id\":\"https:\/\/segimo.ch\/testimonials\/#primaryimage\"},\"image\":{\"@id\":\"https:\/\/segimo.ch\/testimonials\/#primaryimage\"},\"thumbnailUrl\":\"https:\/\/segimo.ch\/wp-content\/uploads\/2021\/02\/bg-typewriter-min.jpg\",\"datePublished\":\"2021-02-18T17:07:30+00:00\",\"dateModified\":\"2021-04-30T13:35:29+00:00\",\"description\":\"Segimo est une agence immobiliere bas\u00e9e \u00e0 Gen\u00e8ve sp\u00e9cialis\u00e9e dans la vente d'objet immobilier sur le Canton de Geneve, Vaud et en Suisse Romande.\",\"breadcrumb\":{\"@id\":\"https:\/\/segimo.ch\/testimonials\/#breadcrumb\"},\"inLanguage\":\"en-US\",\"potentialAction\":[{\"@type\":\"ReadAction\",\"target\":[\"https:\/\/segimo.ch\/testimonials\/\"]}]},{\"@type\":\"ImageObject\",\"inLanguage\":\"en-US\",\"@id\":\"https:\/\/segimo.ch\/testimonials\/#primaryimage\",\"url\":\"https:\/\/segimo.ch\/wp-content\/uploads\/2021\/02\/bg-typewriter-min.jpg\",\"contentUrl\":\"https:\/\/segimo.ch\/wp-content\/uploads\/2021\/02\/bg-typewriter-min.jpg\",\"width\":1916,\"height\":1046},{\"@type\":\"BreadcrumbList\",\"@id\":\"https:\/\/segimo.ch\/testimonials\/#breadcrumb\",\"itemListElement\":[{\"@type\":\"ListItem\",\"position\":1,\"name\":\"Accueil\",\"item\":\"https:\/\/segimo.ch\/en\/\"},{\"@type\":\"ListItem\",\"position\":2,\"name\":\"Testimonials\"}]},{\"@type\":\"WebSite\",\"@id\":\"https:\/\/segimo.ch\/#website\",\"url\":\"https:\/\/segimo.ch\/\",\"name\":\"Segimo\",\"description\":\"Groupe Immobilier Gen\u00e8ve - Vaud - Fribourg - Valais\",\"publisher\":{\"@id\":\"https:\/\/segimo.ch\/#organization\"},\"potentialAction\":[{\"@type\":\"SearchAction\",\"target\":{\"@type\":\"EntryPoint\",\"urlTemplate\":\"https:\/\/segimo.ch\/?s={search_term_string}\"},\"query-input\":{\"@type\":\"PropertyValueSpecification\",\"valueRequired\":true,\"valueName\":\"search_term_string\"}}],\"inLanguage\":\"en-US\"},{\"@type\":\"Organization\",\"@id\":\"https:\/\/segimo.ch\/#organization\",\"name\":\"Segimo - Groupe immobilier\",\"url\":\"https:\/\/segimo.ch\/\",\"logo\":{\"@type\":\"ImageObject\",\"inLanguage\":\"en-US\",\"@id\":\"https:\/\/segimo.ch\/#\/schema\/logo\/image\/\",\"url\":\"https:\/\/segimo.ch\/wp-content\/uploads\/2021\/02\/logo-segimo.png\",\"contentUrl\":\"https:\/\/segimo.ch\/wp-content\/uploads\/2021\/02\/logo-segimo.png\",\"width\":600,\"height\":600,\"caption\":\"Segimo - Groupe immobilier\"},\"image\":{\"@id\":\"https:\/\/segimo.ch\/#\/schema\/logo\/image\/\"}}]}<\/script>\n<!-- \/ Yoast SEO plugin. -->","yoast_head_json":{"title":"Testimonials - Segimo - Groupe Immobilier Gen\u00e8ve - Vaud - Fribourg - Valais","description":"Segimo est une agence immobiliere bas\u00e9e \u00e0 Gen\u00e8ve sp\u00e9cialis\u00e9e dans la vente d'objet immobilier sur le Canton de Geneve, Vaud et en Suisse Romande.","robots":{"index":"index","follow":"follow","max-snippet":"max-snippet:-1","max-image-preview":"max-image-preview:large","max-video-preview":"max-video-preview:-1"},"canonical":"https:\/\/segimo.ch\/testimonials\/","og_locale":"en_US","og_type":"article","og_title":"Testimonials - Segimo - Groupe Immobilier Gen\u00e8ve - Vaud - Fribourg - Valais","og_description":"Segimo est une agence immobiliere bas\u00e9e \u00e0 Gen\u00e8ve sp\u00e9cialis\u00e9e dans la vente d'objet immobilier sur le Canton de Geneve, Vaud et en Suisse Romande.","og_url":"https:\/\/segimo.ch\/testimonials\/","og_site_name":"Segimo","article_modified_time":"2021-04-30T13:35:29+00:00","og_image":[{"width":1916,"height":1046,"url":"https:\/\/segimo.ch\/wp-content\/uploads\/2021\/02\/bg-typewriter-min.jpg","type":"image\/jpeg"}],"twitter_card":"summary_large_image","twitter_misc":{"Est. reading time":"3 minutes"},"schema":{"@context":"https:\/\/schema.org","@graph":[{"@type":"WebPage","@id":"https:\/\/segimo.ch\/testimonials\/","url":"https:\/\/segimo.ch\/testimonials\/","name":"Testimonials - Segimo - Groupe Immobilier Gen\u00e8ve - Vaud - Fribourg - Valais","isPartOf":{"@id":"https:\/\/segimo.ch\/#website"},"primaryImageOfPage":{"@id":"https:\/\/segimo.ch\/testimonials\/#primaryimage"},"image":{"@id":"https:\/\/segimo.ch\/testimonials\/#primaryimage"},"thumbnailUrl":"https:\/\/segimo.ch\/wp-content\/uploads\/2021\/02\/bg-typewriter-min.jpg","datePublished":"2021-02-18T17:07:30+00:00","dateModified":"2021-04-30T13:35:29+00:00","description":"Segimo est une agence immobiliere bas\u00e9e \u00e0 Gen\u00e8ve sp\u00e9cialis\u00e9e dans la vente d'objet immobilier sur le Canton de Geneve, Vaud et en Suisse Romande.","breadcrumb":{"@id":"https:\/\/segimo.ch\/testimonials\/#breadcrumb"},"inLanguage":"en-US","potentialAction":[{"@type":"ReadAction","target":["https:\/\/segimo.ch\/testimonials\/"]}]},{"@type":"ImageObject","inLanguage":"en-US","@id":"https:\/\/segimo.ch\/testimonials\/#primaryimage","url":"https:\/\/segimo.ch\/wp-content\/uploads\/2021\/02\/bg-typewriter-min.jpg","contentUrl":"https:\/\/segimo.ch\/wp-content\/uploads\/2021\/02\/bg-typewriter-min.jpg","width":1916,"height":1046},{"@type":"BreadcrumbList","@id":"https:\/\/segimo.ch\/testimonials\/#breadcrumb","itemListElement":[{"@type":"ListItem","position":1,"name":"Accueil","item":"https:\/\/segimo.ch\/en\/"},{"@type":"ListItem","position":2,"name":"Testimonials"}]},{"@type":"WebSite","@id":"https:\/\/segimo.ch\/#website","url":"https:\/\/segimo.ch\/","name":"Segimo","description":"Groupe Immobilier Gen\u00e8ve - Vaud - Fribourg - Valais","publisher":{"@id":"https:\/\/segimo.ch\/#organization"},"potentialAction":[{"@type":"SearchAction","target":{"@type":"EntryPoint","urlTemplate":"https:\/\/segimo.ch\/?s={search_term_string}"},"query-input":{"@type":"PropertyValueSpecification","valueRequired":true,"valueName":"search_term_string"}}],"inLanguage":"en-US"},{"@type":"Organization","@id":"https:\/\/segimo.ch\/#organization","name":"Segimo - Groupe immobilier","url":"https:\/\/segimo.ch\/","logo":{"@type":"ImageObject","inLanguage":"en-US","@id":"https:\/\/segimo.ch\/#\/schema\/logo\/image\/","url":"https:\/\/segimo.ch\/wp-content\/uploads\/2021\/02\/logo-segimo.png","contentUrl":"https:\/\/segimo.ch\/wp-content\/uploads\/2021\/02\/logo-segimo.png","width":600,"height":600,"caption":"Segimo - Groupe immobilier"},"image":{"@id":"https:\/\/segimo.ch\/#\/schema\/logo\/image\/"}}]}},"_links":{"self":[{"href":"https:\/\/segimo.ch\/en\/wp-json\/wp\/v2\/pages\/30754","targetHints":{"allow":["GET"]}}],"collection":[{"href":"https:\/\/segimo.ch\/en\/wp-json\/wp\/v2\/pages"}],"about":[{"href":"https:\/\/segimo.ch\/en\/wp-json\/wp\/v2\/types\/page"}],"author":[{"embeddable":true,"href":"https:\/\/segimo.ch\/en\/wp-json\/wp\/v2\/users\/5"}],"replies":[{"embeddable":true,"href":"https:\/\/segimo.ch\/en\/wp-json\/wp\/v2\/comments?post=30754"}],"version-history":[{"count":6,"href":"https:\/\/segimo.ch\/en\/wp-json\/wp\/v2\/pages\/30754\/revisions"}],"predecessor-version":[{"id":31009,"href":"https:\/\/segimo.ch\/en\/wp-json\/wp\/v2\/pages\/30754\/revisions\/31009"}],"wp:featuredmedia":[{"embeddable":true,"href":"https:\/\/segimo.ch\/en\/wp-json\/wp\/v2\/media\/30716"}],"wp:attachment":[{"href":"https:\/\/segimo.ch\/en\/wp-json\/wp\/v2\/media?parent=30754"}],"curies":[{"name":"wp","href":"https:\/\/api.w.org\/{rel}","templated":true}]}}