{"id":30763,"date":"2021-02-18T18:25:05","date_gmt":"2021-02-18T17:25:05","guid":{"rendered":"https:\/\/segimo.ch\/legal-information\/"},"modified":"2021-03-10T17:08:05","modified_gmt":"2021-03-10T16:08:05","slug":"legal-information","status":"publish","type":"page","link":"https:\/\/segimo.ch\/en\/legal-information\/","title":{"rendered":"Legal information"},"content":{"rendered":"<p>[et_pb_section fb_built=&#8221;1&#8243; custom_padding_last_edited=&#8221;off|desktop&#8221; module_class=&#8221;hero-section&#8221; _builder_version=&#8221;4.9.0&#8243; _module_preset=&#8221;default&#8221; background_color=&#8221;rgba(21,21,30,0.35)&#8221; custom_padding=&#8221;0px|15px|0px|15px|true|true&#8221; hover_enabled=&#8221;0&#8243; title_text=&#8221;Photo par Giammarco Boscaro&#8221; background_image=&#8221;https:\/\/segimo.ch\/wp-content\/uploads\/2021\/03\/zeh-ljawhtg-1-scaled.jpg&#8221; background_blend=&#8221;overlay&#8221; sticky_enabled=&#8221;0&#8243;][et_pb_row _builder_version=&#8221;4.6.6&#8243; _module_preset=&#8221;default&#8221; width=&#8221;100%&#8221; max_width=&#8221;760px&#8221; module_alignment=&#8221;center&#8221; custom_padding=&#8221;93px|0px|80px|0px|false|true&#8221;][et_pb_column type=&#8221;4_4&#8243; _builder_version=&#8221;4.6.6&#8243; _module_preset=&#8221;default&#8221;][et_pb_text admin_label=&#8221;Hero Heading&#8221; module_class=&#8221;hero-title-long&#8221; _builder_version=&#8221;4.7.7&#8243; _module_preset=&#8221;default&#8221; header_font=&#8221;|600|||||||&#8221; header_text_align=&#8221;center&#8221; header_font_size=&#8221;60px&#8221; header_letter_spacing=&#8221;2.5px&#8221; header_line_height=&#8221;63px&#8221; text_orientation=&#8221;center&#8221; background_layout=&#8221;dark&#8221; header_font_size_tablet=&#8221;&#8221; header_font_size_phone=&#8221;30px&#8221; header_font_size_last_edited=&#8221;on|phone&#8221; header_line_height_tablet=&#8221;&#8221; header_line_height_phone=&#8221;45px&#8221; header_line_height_last_edited=&#8221;on|phone&#8221;]<\/p>\n<h1>Legal information<\/h1>\n<p>[\/et_pb_text][\/et_pb_column][\/et_pb_row][\/et_pb_section][et_pb_section fb_built=&#8221;1&#8243; _builder_version=&#8221;3.22&#8243;][et_pb_row _builder_version=&#8221;3.25&#8243; background_size=&#8221;initial&#8221; background_position=&#8221;top_left&#8221; background_repeat=&#8221;repeat&#8221; custom_padding=&#8221;|||0px||&#8221;][et_pb_column type=&#8221;4_4&#8243; _builder_version=&#8221;3.25&#8243; custom_padding=&#8221;|||&#8221; custom_padding__hover=&#8221;|||&#8221;][et_pb_text _builder_version=&#8221;4.7.7&#8243; background_size=&#8221;initial&#8221; background_position=&#8221;top_left&#8221; background_repeat=&#8221;repeat&#8221;]<!-- divi:heading --><\/p>\n<h2><span style=\"font-weight: 400;\"><\/span><\/h2>\n<h1>Politique de cookies<\/h1>\n<p>&nbsp;<\/p>\n<p>Ceci est la politique de cookie pour le site https:\/\/<a href=\"http:\/\/www.segimo.ch\/\">segimo.ch<\/a>\/<\/p>\n<h3><b>Que sont les cookies?<\/b><\/h3>\n<p>Comme il est de pratique courante dans presque tous les sites Web professionnels, ce site utilise des cookies, qui sont de minuscules fichiers t\u00e9l\u00e9charg\u00e9s sur votre ordinateur, pour am\u00e9liorer votre exp\u00e9rience. Cette page d\u00e9crit quelles informations ils collectent, comment nous les utilisons et pourquoi nous avons parfois besoin de stocker ces cookies. Nous vous expliquerons \u00e9galement comment vous pouvez emp\u00eacher le stockage de ces cookies, mais cela pourrait entra\u00eener une d\u00e9gradation de la qualit\u00e9 de certains \u00e9l\u00e9ments de la fonctionnalit\u00e9 des sites.<\/p>\n<p>Pour plus d\u2019informations g\u00e9n\u00e9rales sur les cookies, consultez l\u2019article de Wikipedia sur les cookies HTTP.<\/p>\n<h3><b>Comment nous utilisons les cookies<\/b><\/h3>\n<p>Nous utilisons des cookies pour diverses raisons d\u00e9taill\u00e9es ci-dessous. Malheureusement, dans la plupart des cas, il n\u2019existe pas d\u2019option standard dans le secteur permettant de d\u00e9sactiver les cookies sans d\u00e9sactiver compl\u00e8tement les fonctionnalit\u00e9s qu\u2019ils ajoutent \u00e0 ce site. Il est recommand\u00e9 de laisser tous les cookies si vous ne savez pas si vous en avez besoin ou non, au cas o\u00f9 ils sont utilis\u00e9s pour fournir un service que vous utilisez.<\/p>\n<h3><b>D\u00e9sactiver les cookies<\/b><\/h3>\n<p>Vous pouvez emp\u00eacher l\u2019installation de cookies en ajustant les param\u00e8tres de votre navigateur (consultez l\u2019aide de votre navigateur pour savoir comment proc\u00e9der). Sachez que la d\u00e9sactivation des cookies affectera les fonctionnalit\u00e9s de ce site et de nombreux autres sites Web que vous visitez. La d\u00e9sactivation des cookies entra\u00eene \u00e9galement la d\u00e9sactivation de certaines fonctionnalit\u00e9s et fonctionnalit\u00e9s de ce site. Par cons\u00e9quent, il est recommand\u00e9 de ne pas d\u00e9sactiver les cookies.<\/p>\n<h2><b>Les cookies que nous avons pr\u00e9par\u00e9s<\/b><\/h2>\n<p><b>Cookies de pr\u00e9f\u00e9rences de site<\/b><\/p>\n<p>Afin de vous offrir une exp\u00e9rience inoubliable sur ce site, nous fournissons la fonctionnalit\u00e9 permettant de d\u00e9finir vos pr\u00e9f\u00e9rences pour le fonctionnement de ce site lorsque vous l\u2019utilisez. Afin de m\u00e9moriser vos pr\u00e9f\u00e9rences, nous devons d\u00e9finir des cookies afin que ces informations puissent \u00eatre appel\u00e9es chaque fois que vous interagissez avec une page affect\u00e9e par vos pr\u00e9f\u00e9rences.<\/p>\n<p><b>Cookies de tiers<\/b><\/p>\n<p>Dans certains cas particuliers, nous utilisons \u00e9galement des cookies fournis par des tiers de confiance. La section suivante d\u00e9taille les cookies tiers que vous pourriez rencontrer via ce site.<\/p>\n<p>Ce site utilise Google Analytics, l\u2019une des solutions d\u2019analyse les plus r\u00e9pandues et les plus fiables sur le Web, qui nous aide \u00e0 comprendre comment vous utilisez le site et comment nous pouvons am\u00e9liorer votre exp\u00e9rience. Ces cookies peuvent suivre des choses telles que le temps que vous passez sur le site et les pages que vous visitez, afin que nous puissions continuer \u00e0 produire un contenu attrayant.<\/p>\n<p>Pour plus d\u2019informations sur les cookies Google Analytics, voir la page officielle de Google Analytics.<\/p>\n<p>Les analyses tierces sont utilis\u00e9es pour suivre et mesurer l\u2019utilisation de ce site afin que nous puissions continuer \u00e0 produire un contenu attrayant. Ces cookies peuvent suivre des choses telles que le temps que vous passez sur le site ou les pages que vous visitez, ce qui nous aide \u00e0 comprendre comment nous pouvons am\u00e9liorer le site pour vous.<\/p>\n<p>De temps en temps, nous testons de nouvelles fonctionnalit\u00e9s et apportons des modifications subtiles \u00e0 la mani\u00e8re dont le site est livr\u00e9. Lorsque nous testons encore de nouvelles fonctionnalit\u00e9s, ces cookies peuvent \u00eatre utilis\u00e9s pour vous garantir une exp\u00e9rience coh\u00e9rente lorsque vous vous trouvez sur le site, tout en garantissant la compr\u00e9hension des optimisations les plus appr\u00e9ci\u00e9es par nos utilisateurs.<\/p>\n<p><b>Plus d\u2019information<\/b><\/p>\n<p>Nous esp\u00e9rons que cela clarifie les choses pour vous et, comme cela a \u00e9t\u00e9 mentionn\u00e9 pr\u00e9c\u00e9demment, s\u2019il y a quelque chose dont vous ne savez pas vraiment si vous avez besoin ou non, il est g\u00e9n\u00e9ralement plus s\u00fbr de laisser les cookies activ\u00e9s au cas o\u00f9 ils interagiraient avec l\u2019une des fonctionnalit\u00e9s que vous utilisez sur notre site.<\/p>\n<p>Toutefois, si vous recherchez toujours plus d\u2019informations, vous pouvez nous contacter via l\u2019une de nos m\u00e9thodes de contact pr\u00e9f\u00e9r\u00e9es:<\/p>\n<p>Email: <a href=\"mailto:hello@thecomputerfirm.com\">info@segimo.ch<\/a><\/p>\n<p>&nbsp;<\/p>\n<h1>Politique de confidentialit\u00e9<\/h1>\n<h2><span style=\"font-weight: 400;\"><\/span><\/h2>\n<h2><span style=\"font-weight: 400;\">1. Conservation et Utilisation de vos donn\u00e9es personnelles<\/span><\/h2>\n<p><span style=\"font-weight: 400;\">Les informations recueillies sur ce formulaire sont enregistr\u00e9es dans un fichier informatis\u00e9 pour communiquer les informations li\u00e9es \u00e0 la marque et aux services <strong>SEGIMO SA.<\/strong><\/span><\/p>\n<p><span style=\"font-weight: 400;\">Elles sont conserv\u00e9es pendant 3 ans et sont destin\u00e9es au service marketing et au service commercial.<\/span><\/p>\n<p><span style=\"font-weight: 400;\">Ce fichier est accessible uniquement par la direction, les collaborateurs du p\u00f4le marketing et du p\u00f4le commercial au sein de<\/span><b><span>SEGIMO SA.<\/span><\/b><\/p>\n<p><span style=\"font-weight: 400;\">Vous pouvez exercer votre droit d\u2019acc\u00e8s aux donn\u00e9es vous concernant et les faire rectifier en contactant : <strong>Georges Sallouk,<\/strong><br \/><\/span><strong><a href=\"https:\/\/goo.gl\/maps\/hHLj7MCJf3Rs45Kd7\">Cit\u00e9 Vieusseux 4, 1203 Gen\u00e8ve<\/a><\/strong><span style=\"font-weight: 400;\"><strong> <\/strong>et\/ou par courriel \u00e0 <a href=\"mailto:info@segimo.ch\"><strong>info@segimo.ch<\/strong><\/a><\/span><span style=\"font-weight: 400;\"> (cf. \u00a73.1).<\/span><\/p>\n<p><span style=\"font-weight: 400;\"><\/span><\/p>\n<h2><span style=\"font-weight: 400;\">2. Consentement et Traitement de vos donn\u00e9es personnelles<\/span><\/h2>\n<p><span style=\"font-weight: 400;\">En cochant la case de consentement obligatoire avant soumission de chaque formulaire du site web www.segimo.ch (\u00ab J\u2019autorise<\/span><b><span>SEGIMO SA<\/span><\/b><span style=\"font-weight: 400;\"> \u00e0 me contacter de fa\u00e7on personnalis\u00e9e \u00e0 propos de ses services pour d\u00e9velopper mon business. Your personal data will nevel be shared with third party companies. \u00bb) vous autorisez explicitement le stockage et le traitement de vos donn\u00e9es dans le but de vous faire conna\u00eetre nos services. Vous autorisez :<\/span><\/p>\n<p><span style=\"font-weight: 400;\">Un conseiller <span>SEGIMO SA.<\/span><\/span><span style=\"font-weight: 400;\"> \u00e0 vous contacter pour toute relation commerciale<\/span><\/p>\n<p><span style=\"font-weight: 400;\">Le service Marketing \u00e0 vous communiquer des informations personnalis\u00e9es sur nos services<\/span><\/p>\n<p><span style=\"font-weight: 400;\">Astuce : vous ne souhaitez pas donner votre consentement ? Appelez-nous directement au <\/span><a href=\"tel:+41%2022%20794%2045%2030\" style=\"font-size: 16px;\">+41 22 794 45 30<\/a><span style=\"font-weight: 400;\">. Nous r\u00e9pondrons ainsi \u00e0 vos questions par t\u00e9l\u00e9phone.<\/span><\/p>\n<p><span style=\"font-weight: 400;\"><\/span><\/p>\n<h2><span style=\"font-weight: 400;\">3. Retrait du Consentement concernant vos donn\u00e9es personnelles<\/span><\/h2>\n<h3><span style=\"font-weight: 400;\">3.1. Droit d\u2019acc\u00e8s \u00e0 vos donn\u00e9es personnelles<\/span><\/h3>\n<p><span style=\"font-weight: 400;\">Vous disposez d\u2019un droit d\u2019acc\u00e8s, de modification et\/ou de suppression des donn\u00e9es vous concernant \u00e0 tout moment en contactant notre service informatique :<\/span><\/p>\n<p><span style=\"font-weight: 400;\">Par voie postale : <strong>SEGIMO SA<\/strong><\/span><span style=\"font-weight: 400;\">&#8211; <strong><a href=\"https:\/\/goo.gl\/maps\/hHLj7MCJf3Rs45Kd7\">Cit\u00e9 Vieusseux 4, 1203 Gen\u00e8ve<\/a><\/strong><\/span><span style=\"font-weight: 400;\"> accompagn\u00e9 d\u2019une copie d\u2019une pi\u00e8ce d\u2019identit\u00e9. Id\u00e9alement, en recommand\u00e9 avec accus\u00e9 de r\u00e9ception.<\/span><\/p>\n<p><span style=\"font-weight: 400;\">Le responsable du fichier dispose d\u2019un d\u00e9lai de r\u00e9ponse maximal de 2 mois \u00e0 compter de la demande, qu\u2019elle ait \u00e9t\u00e9 exerc\u00e9e par voie postale ou sur place. Si la demande est incompl\u00e8te (absence de la pi\u00e8ce d\u2019identit\u00e9 par exemple), le responsable du fichier est en droit de demander des compl\u00e9ments : le d\u00e9lai est alors suspendu et courre \u00e0 nouveau une fois ces \u00e9l\u00e9ments fournis.<\/span><\/p>\n<p><span style=\"font-weight: 400;\"><\/span><\/p>\n<h3><span style=\"font-weight: 400;\">3.2. Modification de vos abonnements<\/span><\/h3>\n<p><span style=\"font-weight: 400;\">Vous pouvez aussi modifier librement vos abonnements \u00e0 nos communications en cliquant sur \u00ab Modifier mes pr\u00e9f\u00e9rences \u00bb en bas de chacune de nos communications envoy\u00e9es par e-mail.<\/span><\/p>\n<p><span style=\"font-weight: 400;\">Pour vous d\u00e9sabonner de toutes les communications de <span><strong>SEGIMO SA<\/strong><\/span><\/span><span style=\"font-weight: 400;\">, vous devez cliquer sur le lien de d\u00e9sabonnement qui se situe en bas de nos e-mails. Vous pourrez ensuite choisir :<\/span><\/p>\n<p><span style=\"font-weight: 400;\">\u2013 de modifier vos pr\u00e9f\u00e9rences de r\u00e9ception de nos communications<\/span><\/p>\n<p><span style=\"font-weight: 400;\">\u2013 de vous d\u00e9sabonner de toutes les communications marketing et commerciales jusqu\u2019\u00e0 nouvelle soumission de votre consentement sur le site internet.<\/span><\/p>\n<p>&nbsp;<\/p>\n<p><!-- \/divi:heading -->[\/et_pb_text][\/et_pb_column][\/et_pb_row][\/et_pb_section]<\/p>\n","protected":false},"excerpt":{"rendered":"<p>Legal information Politique de cookies &nbsp; Ceci est la politique de cookie pour le site https:\/\/segimo.ch\/ Que sont les cookies? Comme il est de pratique courante dans presque tous les sites Web professionnels, ce site utilise des cookies, qui sont de minuscules fichiers t\u00e9l\u00e9charg\u00e9s sur votre ordinateur, pour am\u00e9liorer votre exp\u00e9rience. Cette page d\u00e9crit quelles [&hellip;]<\/p>\n","protected":false},"author":5,"featured_media":0,"parent":0,"menu_order":0,"comment_status":"closed","ping_status":"open","template":"","meta":{"_et_pb_use_builder":"on","_et_pb_old_content":"","_et_gb_content_width":"","footnotes":""},"class_list":["post-30763","page","type-page","status-publish","hentry"],"yoast_head":"<!-- This site is optimized with the Yoast SEO plugin v27.0 - https:\/\/yoast.com\/product\/yoast-seo-wordpress\/ -->\n<title>Legal information - Segimo - Groupe Immobilier Gen\u00e8ve - Vaud - Fribourg - Valais<\/title>\n<meta name=\"description\" content=\"Segimo est une agence immobiliere bas\u00e9e \u00e0 Gen\u00e8ve sp\u00e9cialis\u00e9e dans la vente d&#039;objet immobilier sur le Canton de Geneve, Vaud et en Suisse Romande.\" \/>\n<meta name=\"robots\" content=\"index, follow, max-snippet:-1, max-image-preview:large, max-video-preview:-1\" \/>\n<link rel=\"canonical\" href=\"https:\/\/segimo.ch\/legal-information\/\" \/>\n<meta property=\"og:locale\" content=\"en_US\" \/>\n<meta property=\"og:type\" content=\"article\" \/>\n<meta property=\"og:title\" content=\"Legal information - Segimo - Groupe Immobilier Gen\u00e8ve - Vaud - Fribourg - Valais\" \/>\n<meta property=\"og:description\" content=\"Segimo est une agence immobiliere bas\u00e9e \u00e0 Gen\u00e8ve sp\u00e9cialis\u00e9e dans la vente d&#039;objet immobilier sur le Canton de Geneve, Vaud et en Suisse Romande.\" \/>\n<meta property=\"og:url\" content=\"https:\/\/segimo.ch\/legal-information\/\" \/>\n<meta property=\"og:site_name\" content=\"Segimo\" \/>\n<meta property=\"article:modified_time\" content=\"2021-03-10T16:08:05+00:00\" \/>\n<meta property=\"og:image\" content=\"https:\/\/segimo.ch\/wp-content\/uploads\/2020\/12\/elegant-vintage-livingroom-P26VCK5-min-e1608155848757.jpg\" \/>\n\t<meta property=\"og:image:width\" content=\"1980\" \/>\n\t<meta property=\"og:image:height\" content=\"1133\" \/>\n\t<meta property=\"og:image:type\" content=\"image\/jpeg\" \/>\n<meta name=\"twitter:card\" content=\"summary_large_image\" \/>\n<meta name=\"twitter:label1\" content=\"Est. reading time\" \/>\n\t<meta name=\"twitter:data1\" content=\"7 minutes\" \/>\n<script type=\"application\/ld+json\" class=\"yoast-schema-graph\">{\"@context\":\"https:\/\/schema.org\",\"@graph\":[{\"@type\":\"WebPage\",\"@id\":\"https:\/\/segimo.ch\/legal-information\/\",\"url\":\"https:\/\/segimo.ch\/legal-information\/\",\"name\":\"Legal information - Segimo - Groupe Immobilier Gen\u00e8ve - Vaud - Fribourg - Valais\",\"isPartOf\":{\"@id\":\"https:\/\/segimo.ch\/#website\"},\"datePublished\":\"2021-02-18T17:25:05+00:00\",\"dateModified\":\"2021-03-10T16:08:05+00:00\",\"description\":\"Segimo est une agence immobiliere bas\u00e9e \u00e0 Gen\u00e8ve sp\u00e9cialis\u00e9e dans la vente d'objet immobilier sur le Canton de Geneve, Vaud et en Suisse Romande.\",\"breadcrumb\":{\"@id\":\"https:\/\/segimo.ch\/legal-information\/#breadcrumb\"},\"inLanguage\":\"en-US\",\"potentialAction\":[{\"@type\":\"ReadAction\",\"target\":[\"https:\/\/segimo.ch\/legal-information\/\"]}]},{\"@type\":\"BreadcrumbList\",\"@id\":\"https:\/\/segimo.ch\/legal-information\/#breadcrumb\",\"itemListElement\":[{\"@type\":\"ListItem\",\"position\":1,\"name\":\"Accueil\",\"item\":\"https:\/\/segimo.ch\/en\/\"},{\"@type\":\"ListItem\",\"position\":2,\"name\":\"Legal information\"}]},{\"@type\":\"WebSite\",\"@id\":\"https:\/\/segimo.ch\/#website\",\"url\":\"https:\/\/segimo.ch\/\",\"name\":\"Segimo\",\"description\":\"Groupe Immobilier Gen\u00e8ve - Vaud - Fribourg - Valais\",\"publisher\":{\"@id\":\"https:\/\/segimo.ch\/#organization\"},\"potentialAction\":[{\"@type\":\"SearchAction\",\"target\":{\"@type\":\"EntryPoint\",\"urlTemplate\":\"https:\/\/segimo.ch\/?s={search_term_string}\"},\"query-input\":{\"@type\":\"PropertyValueSpecification\",\"valueRequired\":true,\"valueName\":\"search_term_string\"}}],\"inLanguage\":\"en-US\"},{\"@type\":\"Organization\",\"@id\":\"https:\/\/segimo.ch\/#organization\",\"name\":\"Segimo - Groupe immobilier\",\"url\":\"https:\/\/segimo.ch\/\",\"logo\":{\"@type\":\"ImageObject\",\"inLanguage\":\"en-US\",\"@id\":\"https:\/\/segimo.ch\/#\/schema\/logo\/image\/\",\"url\":\"https:\/\/segimo.ch\/wp-content\/uploads\/2021\/02\/logo-segimo.png\",\"contentUrl\":\"https:\/\/segimo.ch\/wp-content\/uploads\/2021\/02\/logo-segimo.png\",\"width\":600,\"height\":600,\"caption\":\"Segimo - Groupe immobilier\"},\"image\":{\"@id\":\"https:\/\/segimo.ch\/#\/schema\/logo\/image\/\"}}]}<\/script>\n<!-- \/ Yoast SEO plugin. -->","yoast_head_json":{"title":"Legal information - Segimo - Groupe Immobilier Gen\u00e8ve - Vaud - Fribourg - Valais","description":"Segimo est une agence immobiliere bas\u00e9e \u00e0 Gen\u00e8ve sp\u00e9cialis\u00e9e dans la vente d'objet immobilier sur le Canton de Geneve, Vaud et en Suisse Romande.","robots":{"index":"index","follow":"follow","max-snippet":"max-snippet:-1","max-image-preview":"max-image-preview:large","max-video-preview":"max-video-preview:-1"},"canonical":"https:\/\/segimo.ch\/legal-information\/","og_locale":"en_US","og_type":"article","og_title":"Legal information - Segimo - Groupe Immobilier Gen\u00e8ve - Vaud - Fribourg - Valais","og_description":"Segimo est une agence immobiliere bas\u00e9e \u00e0 Gen\u00e8ve sp\u00e9cialis\u00e9e dans la vente d'objet immobilier sur le Canton de Geneve, Vaud et en Suisse Romande.","og_url":"https:\/\/segimo.ch\/legal-information\/","og_site_name":"Segimo","article_modified_time":"2021-03-10T16:08:05+00:00","og_image":[{"width":1980,"height":1133,"url":"https:\/\/segimo.ch\/wp-content\/uploads\/2020\/12\/elegant-vintage-livingroom-P26VCK5-min-e1608155848757.jpg","type":"image\/jpeg"}],"twitter_card":"summary_large_image","twitter_misc":{"Est. reading time":"7 minutes"},"schema":{"@context":"https:\/\/schema.org","@graph":[{"@type":"WebPage","@id":"https:\/\/segimo.ch\/legal-information\/","url":"https:\/\/segimo.ch\/legal-information\/","name":"Legal information - Segimo - Groupe Immobilier Gen\u00e8ve - Vaud - Fribourg - Valais","isPartOf":{"@id":"https:\/\/segimo.ch\/#website"},"datePublished":"2021-02-18T17:25:05+00:00","dateModified":"2021-03-10T16:08:05+00:00","description":"Segimo est une agence immobiliere bas\u00e9e \u00e0 Gen\u00e8ve sp\u00e9cialis\u00e9e dans la vente d'objet immobilier sur le Canton de Geneve, Vaud et en Suisse Romande.","breadcrumb":{"@id":"https:\/\/segimo.ch\/legal-information\/#breadcrumb"},"inLanguage":"en-US","potentialAction":[{"@type":"ReadAction","target":["https:\/\/segimo.ch\/legal-information\/"]}]},{"@type":"BreadcrumbList","@id":"https:\/\/segimo.ch\/legal-information\/#breadcrumb","itemListElement":[{"@type":"ListItem","position":1,"name":"Accueil","item":"https:\/\/segimo.ch\/en\/"},{"@type":"ListItem","position":2,"name":"Legal information"}]},{"@type":"WebSite","@id":"https:\/\/segimo.ch\/#website","url":"https:\/\/segimo.ch\/","name":"Segimo","description":"Groupe Immobilier Gen\u00e8ve - Vaud - Fribourg - Valais","publisher":{"@id":"https:\/\/segimo.ch\/#organization"},"potentialAction":[{"@type":"SearchAction","target":{"@type":"EntryPoint","urlTemplate":"https:\/\/segimo.ch\/?s={search_term_string}"},"query-input":{"@type":"PropertyValueSpecification","valueRequired":true,"valueName":"search_term_string"}}],"inLanguage":"en-US"},{"@type":"Organization","@id":"https:\/\/segimo.ch\/#organization","name":"Segimo - Groupe immobilier","url":"https:\/\/segimo.ch\/","logo":{"@type":"ImageObject","inLanguage":"en-US","@id":"https:\/\/segimo.ch\/#\/schema\/logo\/image\/","url":"https:\/\/segimo.ch\/wp-content\/uploads\/2021\/02\/logo-segimo.png","contentUrl":"https:\/\/segimo.ch\/wp-content\/uploads\/2021\/02\/logo-segimo.png","width":600,"height":600,"caption":"Segimo - Groupe immobilier"},"image":{"@id":"https:\/\/segimo.ch\/#\/schema\/logo\/image\/"}}]}},"_links":{"self":[{"href":"https:\/\/segimo.ch\/en\/wp-json\/wp\/v2\/pages\/30763","targetHints":{"allow":["GET"]}}],"collection":[{"href":"https:\/\/segimo.ch\/en\/wp-json\/wp\/v2\/pages"}],"about":[{"href":"https:\/\/segimo.ch\/en\/wp-json\/wp\/v2\/types\/page"}],"author":[{"embeddable":true,"href":"https:\/\/segimo.ch\/en\/wp-json\/wp\/v2\/users\/5"}],"replies":[{"embeddable":true,"href":"https:\/\/segimo.ch\/en\/wp-json\/wp\/v2\/comments?post=30763"}],"version-history":[{"count":4,"href":"https:\/\/segimo.ch\/en\/wp-json\/wp\/v2\/pages\/30763\/revisions"}],"predecessor-version":[{"id":30858,"href":"https:\/\/segimo.ch\/en\/wp-json\/wp\/v2\/pages\/30763\/revisions\/30858"}],"wp:attachment":[{"href":"https:\/\/segimo.ch\/en\/wp-json\/wp\/v2\/media?parent=30763"}],"curies":[{"name":"wp","href":"https:\/\/api.w.org\/{rel}","templated":true}]}}