{"id":30988,"date":"2021-04-30T15:17:50","date_gmt":"2021-04-30T13:17:50","guid":{"rendered":"https:\/\/segimo.ch\/?page_id=30988"},"modified":"2021-04-30T15:47:59","modified_gmt":"2021-04-30T13:47:59","slug":"contact","status":"publish","type":"page","link":"https:\/\/segimo.ch\/en\/contact\/","title":{"rendered":"Contact"},"content":{"rendered":"<p>[et_pb_section fb_built=&#8221;1&#8243; custom_padding_last_edited=&#8221;off|desktop&#8221; module_id=&#8221;contact&#8221; _builder_version=&#8221;4.9.0&#8243; _module_preset=&#8221;default&#8221; custom_padding=&#8221;115px|15px|115px|15px|true|true&#8221; custom_padding_tablet=&#8221;15%|15px|15%|15px|true|true&#8221;][et_pb_row column_structure=&#8221;2_3,1_3&#8243; _builder_version=&#8221;4.6.6&#8243; _module_preset=&#8221;default&#8221; width=&#8221;100%&#8221; max_width=&#8221;1164px&#8221; custom_padding=&#8221;0px|0px|0px|0px|true|true&#8221;][et_pb_column type=&#8221;2_3&#8243; _builder_version=&#8221;4.6.6&#8243; _module_preset=&#8221;default&#8221;][et_pb_text admin_label=&#8221;contact&#8221; module_class=&#8221;heading-no-padding weight-500-title&#8221; _builder_version=&#8221;4.6.6&#8243; _module_preset=&#8221;default&#8221; header_2_font=&#8221;|||on|||||&#8221; header_2_font_size=&#8221;16px&#8221; header_2_letter_spacing=&#8221;0.67px&#8221; header_2_line_height=&#8221;20px&#8221; custom_margin=&#8221;17px||11px||false|false&#8221; custom_padding=&#8221;||0px||false|false&#8221;]<\/p>\n<h2>contact<\/h2>\n<p>[\/et_pb_text][et_pb_contact_form captcha=&#8221;off&#8221; email=&#8221;info@segimo.ch&#8221; title=&#8221;We are at your disposal to answer your questions&#8221; custom_message=&#8221;Subject: %%subject%%||et_pb_line_break_holder||Nom: %%Nom%%||et_pb_line_break_holder||Email: %%Email%%||et_pb_line_break_holder||Telephone: %%Telephone%%||et_pb_line_break_holder||Message: ||et_pb_line_break_holder||%%Message%%||et_pb_line_break_holder||||et_pb_line_break_holder||%%house_info%%&#8221; submit_button_text=&#8221;Send&#8221; admin_label=&#8221;Contact Form for Houses&#8221; module_id=&#8221;ca_contact_form_home&#8221; module_class=&#8221;ca-contact-form-home heading-no-padding&#8221; _builder_version=&#8221;4.9.0&#8243; _module_preset=&#8221;default&#8221; form_field_background_color=&#8221;rgba(0,0,0,0)&#8221; form_field_text_color=&#8221;rgba(255,255,255,0.65)&#8221; form_field_focus_background_color=&#8221;rgba(0,0,0,0)&#8221; form_field_focus_text_color=&#8221;#ffffff&#8221; form_field_custom_margin=&#8221;0px|0px|0px|0px|false|true&#8221; form_field_custom_padding=&#8221;42px|0px|20px|0px|false|true&#8221; title_level=&#8221;h3&#8243; title_font=&#8221;||||||||&#8221; title_text_align=&#8221;left&#8221; title_text_color=&#8221;#ffffff&#8221; title_font_size=&#8221;32px&#8221; title_letter_spacing=&#8221;1.33px&#8221; title_line_height=&#8221;39px&#8221; form_field_font=&#8221;|300|||||||&#8221; form_field_text_align=&#8221;left&#8221; form_field_font_size=&#8221;16px&#8221; form_field_letter_spacing=&#8221;0.67px&#8221; form_field_line_height=&#8221;20px&#8221; custom_button=&#8221;on&#8221; button_text_size=&#8221;16px&#8221; button_text_color=&#8221;#ffffff&#8221; button_bg_color=&#8221;#e80600&#8243; button_border_color=&#8221;#e80600&#8243; button_letter_spacing=&#8221;0.67px&#8221; button_font=&#8221;||||||||&#8221; button_use_icon=&#8221;off&#8221; button_custom_margin=&#8221;31px||||false|false&#8221; button_custom_padding=&#8221;17px|32px|17px|32px|true|true&#8221; width=&#8221;100%&#8221; max_width=&#8221;1031px&#8221; custom_margin=&#8221;|auto|0px|auto|false|true&#8221; custom_padding=&#8221;0px||0px||false|false&#8221; hover_enabled=&#8221;0&#8243; title_font_size_tablet=&#8221;28px&#8221; title_font_size_phone=&#8221;24px&#8221; title_font_size_last_edited=&#8221;on|desktop&#8221; title_line_height_tablet=&#8221;34px&#8221; title_line_height_phone=&#8221;30px&#8221; title_line_height_last_edited=&#8221;on|desktop&#8221; border_width_bottom=&#8221;1px&#8221; border_color_bottom=&#8221;#AEAEAE&#8221; button_text_color__hover_enabled=&#8221;off|desktop&#8221; button_text_color__hover=&#8221;#ffffff&#8221; button_bg_color__hover_enabled=&#8221;off|desktop&#8221; button_bg_color__hover=&#8221;rgba(0,0,0,0)&#8221; button_bg_enable_color__hover=&#8221;on&#8221; button_border_color__hover_enabled=&#8221;off|desktop&#8221; button_border_color__hover=&#8221;#ffffff&#8221; sticky_enabled=&#8221;0&#8243;][et_pb_contact_field field_id=&#8221;subject&#8221; field_title=&#8221;Select&#8221; field_type=&#8221;select&#8221; select_options=&#8221;%91{%22value%22:%22Buy%22,%22checked%22:0,%22dragID%22:-1},{%22value%22:%22Rent%22,%22checked%22:0,%22dragID%22:0},{%22value%22:%22Testimonials%22,%22checked%22:0,%22dragID%22:1},{%22value%22:%22Free estimate%22,%22checked%22:0,%22dragID%22:2},{%22value%22:%22Other%22,%22checked%22:0,%22dragID%22:3}%93&#8243; _builder_version=&#8221;4.9.0&#8243; _module_preset=&#8221;default&#8221;][\/et_pb_contact_field][et_pb_contact_field field_id=&#8221;Nom&#8221; field_title=&#8221;Last Name &#8221; _builder_version=&#8221;4.9.0&#8243; button_text_size__hover_enabled=&#8221;off&#8221; button_one_text_size__hover_enabled=&#8221;off&#8221; button_two_text_size__hover_enabled=&#8221;off&#8221; button_text_color__hover_enabled=&#8221;off&#8221; button_one_text_color__hover_enabled=&#8221;off&#8221; button_two_text_color__hover_enabled=&#8221;off&#8221; button_border_width__hover_enabled=&#8221;off&#8221; button_one_border_width__hover_enabled=&#8221;off&#8221; button_two_border_width__hover_enabled=&#8221;off&#8221; button_border_color__hover_enabled=&#8221;off&#8221; button_one_border_color__hover_enabled=&#8221;off&#8221; button_two_border_color__hover_enabled=&#8221;off&#8221; button_border_radius__hover_enabled=&#8221;off&#8221; button_one_border_radius__hover_enabled=&#8221;off&#8221; button_two_border_radius__hover_enabled=&#8221;off&#8221; button_letter_spacing__hover_enabled=&#8221;off&#8221; button_one_letter_spacing__hover_enabled=&#8221;off&#8221; button_two_letter_spacing__hover_enabled=&#8221;off&#8221; button_bg_color__hover_enabled=&#8221;off&#8221; button_one_bg_color__hover_enabled=&#8221;off&#8221; button_two_bg_color__hover_enabled=&#8221;off&#8221;][\/et_pb_contact_field][et_pb_contact_field field_id=&#8221;Telephone&#8221; field_title=&#8221;Telephone number&#8221; required_mark=&#8221;off&#8221; _builder_version=&#8221;4.9.0&#8243; hover_enabled=&#8221;0&#8243; button_text_size__hover_enabled=&#8221;off&#8221; button_one_text_size__hover_enabled=&#8221;off&#8221; button_two_text_size__hover_enabled=&#8221;off&#8221; button_text_color__hover_enabled=&#8221;off&#8221; button_one_text_color__hover_enabled=&#8221;off&#8221; button_two_text_color__hover_enabled=&#8221;off&#8221; button_border_width__hover_enabled=&#8221;off&#8221; button_one_border_width__hover_enabled=&#8221;off&#8221; button_two_border_width__hover_enabled=&#8221;off&#8221; button_border_color__hover_enabled=&#8221;off&#8221; button_one_border_color__hover_enabled=&#8221;off&#8221; button_two_border_color__hover_enabled=&#8221;off&#8221; button_border_radius__hover_enabled=&#8221;off&#8221; button_one_border_radius__hover_enabled=&#8221;off&#8221; button_two_border_radius__hover_enabled=&#8221;off&#8221; button_letter_spacing__hover_enabled=&#8221;off&#8221; button_one_letter_spacing__hover_enabled=&#8221;off&#8221; button_two_letter_spacing__hover_enabled=&#8221;off&#8221; button_bg_color__hover_enabled=&#8221;off&#8221; button_one_bg_color__hover_enabled=&#8221;off&#8221; button_two_bg_color__hover_enabled=&#8221;off&#8221; sticky_enabled=&#8221;0&#8243;][\/et_pb_contact_field][et_pb_contact_field field_id=&#8221;Email&#8221; field_title=&#8221;Email&#8221; field_type=&#8221;email&#8221; _builder_version=&#8221;4.6.5&#8243; button_text_size__hover_enabled=&#8221;off&#8221; button_one_text_size__hover_enabled=&#8221;off&#8221; button_two_text_size__hover_enabled=&#8221;off&#8221; button_text_color__hover_enabled=&#8221;off&#8221; button_one_text_color__hover_enabled=&#8221;off&#8221; button_two_text_color__hover_enabled=&#8221;off&#8221; button_border_width__hover_enabled=&#8221;off&#8221; button_one_border_width__hover_enabled=&#8221;off&#8221; button_two_border_width__hover_enabled=&#8221;off&#8221; button_border_color__hover_enabled=&#8221;off&#8221; button_one_border_color__hover_enabled=&#8221;off&#8221; button_two_border_color__hover_enabled=&#8221;off&#8221; button_border_radius__hover_enabled=&#8221;off&#8221; button_one_border_radius__hover_enabled=&#8221;off&#8221; button_two_border_radius__hover_enabled=&#8221;off&#8221; button_letter_spacing__hover_enabled=&#8221;off&#8221; button_one_letter_spacing__hover_enabled=&#8221;off&#8221; button_two_letter_spacing__hover_enabled=&#8221;off&#8221; button_bg_color__hover_enabled=&#8221;off&#8221; button_one_bg_color__hover_enabled=&#8221;off&#8221; button_two_bg_color__hover_enabled=&#8221;off&#8221;][\/et_pb_contact_field][et_pb_contact_field field_id=&#8221;Message&#8221; field_title=&#8221;Message&#8221; field_type=&#8221;text&#8221; fullwidth_field=&#8221;on&#8221; _builder_version=&#8221;3.16&#8243; button_text_size__hover_enabled=&#8221;off&#8221; button_one_text_size__hover_enabled=&#8221;off&#8221; button_two_text_size__hover_enabled=&#8221;off&#8221; button_text_color__hover_enabled=&#8221;off&#8221; button_one_text_color__hover_enabled=&#8221;off&#8221; button_two_text_color__hover_enabled=&#8221;off&#8221; button_border_width__hover_enabled=&#8221;off&#8221; button_one_border_width__hover_enabled=&#8221;off&#8221; button_two_border_width__hover_enabled=&#8221;off&#8221; button_border_color__hover_enabled=&#8221;off&#8221; button_one_border_color__hover_enabled=&#8221;off&#8221; button_two_border_color__hover_enabled=&#8221;off&#8221; button_border_radius__hover_enabled=&#8221;off&#8221; button_one_border_radius__hover_enabled=&#8221;off&#8221; button_two_border_radius__hover_enabled=&#8221;off&#8221; button_letter_spacing__hover_enabled=&#8221;off&#8221; button_one_letter_spacing__hover_enabled=&#8221;off&#8221; button_two_letter_spacing__hover_enabled=&#8221;off&#8221; button_bg_color__hover_enabled=&#8221;off&#8221; button_one_bg_color__hover_enabled=&#8221;off&#8221; button_two_bg_color__hover_enabled=&#8221;off&#8221;][\/et_pb_contact_field][et_pb_contact_field field_id=&#8221;house_info&#8221; field_title=&#8221;house_info&#8221; field_type=&#8221;text&#8221; required_mark=&#8221;off&#8221; fullwidth_field=&#8221;on&#8221; _builder_version=&#8221;4.7.7&#8243; _module_preset=&#8221;default&#8221; width=&#8221;0px&#8221; max_width=&#8221;0px&#8221; min_height=&#8221;0px&#8221; height=&#8221;0px&#8221; max_height=&#8221;0px&#8221; overflow-x=&#8221;hidden&#8221; overflow-y=&#8221;hidden&#8221; custom_margin=&#8221;0px|0px|0px|0px|true|true&#8221; custom_padding=&#8221;0px|0px|0px|0px|true|true&#8221; custom_css_main_element=&#8221;visibility:hidden;||padding: 0;||height: 0;&#8221;][\/et_pb_contact_field][\/et_pb_contact_form][et_pb_code _builder_version=&#8221;4.9.0&#8243; _module_preset=&#8221;default&#8221; custom_margin=&#8221;30px||||false|false&#8221;]<\/p>\n<div><input type=\"checkbox\" name=\"rgpd-box\" value=\"yes\" checked> I authorize SEGIMO SA to contact me in a personalised way. Your data will never be shared with third-party companies.  <a href=\"https:\/\/segimo.ch\/en\/legal-information\/\" target=\"_blank\" style=\"font-family:arial; color:red; text-decoration:underline;\" rel=\"noopener noreferrer\">Learn more.<\/a> <!\u2013- [et_pb_br_holder] -\u2013><!\u2013- [et_pb_br_holder] -\u2013><\/div>\n<p>[\/et_pb_code][\/et_pb_column][et_pb_column type=&#8221;1_3&#8243; _builder_version=&#8221;4.6.6&#8243; _module_preset=&#8221;default&#8221; custom_padding=&#8221;|||45px|false|false&#8221; custom_padding_tablet=&#8221;|||0px|false|false&#8221; custom_padding_phone=&#8221;&#8221; custom_padding_last_edited=&#8221;on|tablet&#8221;][et_pb_cta module_class=&#8221;weight-500-title&#8221; _builder_version=&#8221;4.9.0&#8243; _module_preset=&#8221;default&#8221; header_level=&#8221;h3&#8243; header_font_size=&#8221;18px&#8221; header_letter_spacing=&#8221;0.75px&#8221; header_line_height=&#8221;25px&#8221; body_font=&#8221;|300|||||||&#8221; body_font_size=&#8221;18px&#8221; body_letter_spacing=&#8221;0.75px&#8221; body_line_height=&#8221;25px&#8221; background_color=&#8221;#15151e&#8221; max_width=&#8221;364px&#8221; custom_margin=&#8221;|0px|15%||false|false&#8221; custom_margin_tablet=&#8221;5%|auto|10%|auto|false|false&#8221; custom_margin_phone=&#8221;64px||||false|false&#8221; custom_margin_last_edited=&#8221;on|tablet&#8221; custom_padding=&#8221;32px||32px||true|false&#8221; border_radii=&#8221;on|10px|10px|10px|10px&#8221;]<\/p>\n<h3>SEGIMO SA<\/h3>\n<p><a href=\"https:\/\/goo.gl\/maps\/hHLj7MCJf3Rs45Kd7\" title=\"Map\">Cit\u00e9 Vieusseux 4<\/a><br \/> <a href=\"https:\/\/goo.gl\/maps\/hHLj7MCJf3Rs45Kd7\" title=\"Map\">1203 Gen\u00e8ve<\/a><\/p>\n<p>Tel\u00a0<a href=\"tel:0848 007 001\">0848 007 001<\/a><br \/> <a href=\"mailto:info@segimo.ch\">info@segimo.ch<\/a><\/p>\n<p>[\/et_pb_cta][et_pb_text _builder_version=&#8221;4.6.6&#8243; _module_preset=&#8221;default&#8221; text_font=&#8221;|300|||||||&#8221; text_text_color=&#8221;#ffffff&#8221; text_font_size=&#8221;18px&#8221; text_letter_spacing=&#8221;0.75px&#8221; text_line_height=&#8221;25px&#8221; text_orientation=&#8221;center&#8221; width=&#8221;100%&#8221; max_width=&#8221;364px&#8221; max_width_tablet=&#8221;100%&#8221; max_width_phone=&#8221;&#8221; max_width_last_edited=&#8221;on|tablet&#8221; module_alignment=&#8221;center&#8221; custom_margin=&#8221;|0px||45px|false|false&#8221; custom_margin_tablet=&#8221;|0px||0px|false|false&#8221; custom_margin_phone=&#8221;&#8221; custom_margin_last_edited=&#8221;on|tablet&#8221; custom_padding=&#8221;||||false|false&#8221;]<\/p>\n<p>Would you like to learn more about SEGIMO?<\/p>\n<p>[\/et_pb_text][et_pb_button button_url=&#8221;@ET-DC@eyJkeW5hbWljIjp0cnVlLCJjb250ZW50IjoicG9zdF9saW5rX3VybF9wYWdlIiwic2V0dGluZ3MiOnsicG9zdF9pZCI6IjI4ODczIn19@&#8221; button_text=&#8221;Discover the company&#8221; button_alignment=&#8221;center&#8221; module_class=&#8221;weight-500&#8243; _builder_version=&#8221;4.7.7&#8243; _dynamic_attributes=&#8221;button_url&#8221; _module_preset=&#8221;default&#8221; custom_button=&#8221;on&#8221; button_text_size=&#8221;16px&#8221; button_text_color=&#8221;#ffffff&#8221; button_bg_color=&#8221;#404052&#8243; button_border_color=&#8221;#404052&#8243; button_letter_spacing=&#8221;0.67px&#8221; button_use_icon=&#8221;off&#8221; background_layout=&#8221;dark&#8221; custom_margin=&#8221;22px||||false|false&#8221; custom_padding=&#8221;17px|60px|17px|60px|true|true&#8221; custom_padding_tablet=&#8221;&#8221; custom_padding_phone=&#8221;|30px||30px|true|true&#8221; custom_padding_last_edited=&#8221;on|desktop&#8221; button_border_color__hover_enabled=&#8221;on|hover&#8221; button_border_color__hover=&#8221;#404052&#8243;][\/et_pb_button][\/et_pb_column][\/et_pb_row][\/et_pb_section]<\/p>\n","protected":false},"excerpt":{"rendered":"<p>contactSEGIMO SA Cit\u00e9 Vieusseux 4 1203 Gen\u00e8ve Tel\u00a00848 007 001 info@segimo.chWould you like to learn more about SEGIMO?<\/p>\n","protected":false},"author":5,"featured_media":30716,"parent":0,"menu_order":0,"comment_status":"closed","ping_status":"closed","template":"","meta":{"_et_pb_use_builder":"on","_et_pb_old_content":"","_et_gb_content_width":"","footnotes":""},"class_list":["post-30988","page","type-page","status-publish","has-post-thumbnail","hentry"],"yoast_head":"<!-- This site is optimized with the Yoast SEO plugin v27.4 - https:\/\/yoast.com\/product\/yoast-seo-wordpress\/ -->\n<title>Contact - Segimo - Groupe Immobilier Gen\u00e8ve - Vaud - Fribourg - Valais<\/title>\n<meta name=\"description\" content=\"Segimo est une agence immobiliere bas\u00e9e \u00e0 Gen\u00e8ve sp\u00e9cialis\u00e9e dans la vente d&#039;objet immobilier sur le Canton de Geneve, Vaud et en Suisse Romande.\" \/>\n<meta name=\"robots\" content=\"index, follow, max-snippet:-1, max-image-preview:large, max-video-preview:-1\" \/>\n<link rel=\"canonical\" href=\"https:\/\/segimo.ch\/en\/contact\/\" \/>\n<meta property=\"og:locale\" content=\"en_US\" \/>\n<meta property=\"og:type\" content=\"article\" \/>\n<meta property=\"og:title\" content=\"Contact - Segimo - Groupe Immobilier Gen\u00e8ve - Vaud - Fribourg - Valais\" \/>\n<meta property=\"og:description\" content=\"Segimo est une agence immobiliere bas\u00e9e \u00e0 Gen\u00e8ve sp\u00e9cialis\u00e9e dans la vente d&#039;objet immobilier sur le Canton de Geneve, Vaud et en Suisse Romande.\" \/>\n<meta property=\"og:url\" content=\"https:\/\/segimo.ch\/en\/contact\/\" \/>\n<meta property=\"og:site_name\" content=\"Segimo\" \/>\n<meta property=\"article:modified_time\" content=\"2021-04-30T13:47:59+00:00\" \/>\n<meta property=\"og:image\" content=\"https:\/\/segimo.ch\/wp-content\/uploads\/2021\/02\/bg-typewriter-min.jpg\" \/>\n\t<meta property=\"og:image:width\" content=\"1916\" \/>\n\t<meta property=\"og:image:height\" content=\"1046\" \/>\n\t<meta property=\"og:image:type\" content=\"image\/jpeg\" \/>\n<meta name=\"twitter:card\" content=\"summary_large_image\" \/>\n<meta name=\"twitter:label1\" content=\"Est. reading time\" \/>\n\t<meta name=\"twitter:data1\" content=\"8 minutes\" \/>\n<script type=\"application\/ld+json\" class=\"yoast-schema-graph\">{\"@context\":\"https:\\\/\\\/schema.org\",\"@graph\":[{\"@type\":\"WebPage\",\"@id\":\"https:\\\/\\\/segimo.ch\\\/en\\\/contact\\\/\",\"url\":\"https:\\\/\\\/segimo.ch\\\/en\\\/contact\\\/\",\"name\":\"Contact - Segimo - Groupe Immobilier Gen\u00e8ve - Vaud - Fribourg - Valais\",\"isPartOf\":{\"@id\":\"https:\\\/\\\/segimo.ch\\\/en\\\/#website\"},\"primaryImageOfPage\":{\"@id\":\"https:\\\/\\\/segimo.ch\\\/en\\\/contact\\\/#primaryimage\"},\"image\":{\"@id\":\"https:\\\/\\\/segimo.ch\\\/en\\\/contact\\\/#primaryimage\"},\"thumbnailUrl\":\"https:\\\/\\\/segimo.ch\\\/wp-content\\\/uploads\\\/2021\\\/02\\\/bg-typewriter-min.jpg\",\"datePublished\":\"2021-04-30T13:17:50+00:00\",\"dateModified\":\"2021-04-30T13:47:59+00:00\",\"description\":\"Segimo est une agence immobiliere bas\u00e9e \u00e0 Gen\u00e8ve sp\u00e9cialis\u00e9e dans la vente d'objet immobilier sur le Canton de Geneve, Vaud et en Suisse Romande.\",\"breadcrumb\":{\"@id\":\"https:\\\/\\\/segimo.ch\\\/en\\\/contact\\\/#breadcrumb\"},\"inLanguage\":\"en-US\",\"potentialAction\":[{\"@type\":\"ReadAction\",\"target\":[\"https:\\\/\\\/segimo.ch\\\/en\\\/contact\\\/\"]}]},{\"@type\":\"ImageObject\",\"inLanguage\":\"en-US\",\"@id\":\"https:\\\/\\\/segimo.ch\\\/en\\\/contact\\\/#primaryimage\",\"url\":\"https:\\\/\\\/segimo.ch\\\/wp-content\\\/uploads\\\/2021\\\/02\\\/bg-typewriter-min.jpg\",\"contentUrl\":\"https:\\\/\\\/segimo.ch\\\/wp-content\\\/uploads\\\/2021\\\/02\\\/bg-typewriter-min.jpg\",\"width\":1916,\"height\":1046},{\"@type\":\"BreadcrumbList\",\"@id\":\"https:\\\/\\\/segimo.ch\\\/en\\\/contact\\\/#breadcrumb\",\"itemListElement\":[{\"@type\":\"ListItem\",\"position\":1,\"name\":\"Accueil\",\"item\":\"https:\\\/\\\/segimo.ch\\\/en\\\/\"},{\"@type\":\"ListItem\",\"position\":2,\"name\":\"Contact\"}]},{\"@type\":\"WebSite\",\"@id\":\"https:\\\/\\\/segimo.ch\\\/en\\\/#website\",\"url\":\"https:\\\/\\\/segimo.ch\\\/en\\\/\",\"name\":\"Segimo\",\"description\":\"Groupe Immobilier Gen\u00e8ve - Vaud - Fribourg - Valais\",\"publisher\":{\"@id\":\"https:\\\/\\\/segimo.ch\\\/en\\\/#organization\"},\"potentialAction\":[{\"@type\":\"SearchAction\",\"target\":{\"@type\":\"EntryPoint\",\"urlTemplate\":\"https:\\\/\\\/segimo.ch\\\/en\\\/?s={search_term_string}\"},\"query-input\":{\"@type\":\"PropertyValueSpecification\",\"valueRequired\":true,\"valueName\":\"search_term_string\"}}],\"inLanguage\":\"en-US\"},{\"@type\":\"Organization\",\"@id\":\"https:\\\/\\\/segimo.ch\\\/en\\\/#organization\",\"name\":\"Segimo - Groupe immobilier\",\"url\":\"https:\\\/\\\/segimo.ch\\\/en\\\/\",\"logo\":{\"@type\":\"ImageObject\",\"inLanguage\":\"en-US\",\"@id\":\"https:\\\/\\\/segimo.ch\\\/en\\\/#\\\/schema\\\/logo\\\/image\\\/\",\"url\":\"https:\\\/\\\/segimo.ch\\\/wp-content\\\/uploads\\\/2021\\\/02\\\/logo-segimo.png\",\"contentUrl\":\"https:\\\/\\\/segimo.ch\\\/wp-content\\\/uploads\\\/2021\\\/02\\\/logo-segimo.png\",\"width\":600,\"height\":600,\"caption\":\"Segimo - Groupe immobilier\"},\"image\":{\"@id\":\"https:\\\/\\\/segimo.ch\\\/en\\\/#\\\/schema\\\/logo\\\/image\\\/\"}}]}<\/script>\n<!-- \/ Yoast SEO plugin. -->","yoast_head_json":{"title":"Contact - Segimo - Groupe Immobilier Gen\u00e8ve - Vaud - Fribourg - Valais","description":"Segimo est une agence immobiliere bas\u00e9e \u00e0 Gen\u00e8ve sp\u00e9cialis\u00e9e dans la vente d'objet immobilier sur le Canton de Geneve, Vaud et en Suisse Romande.","robots":{"index":"index","follow":"follow","max-snippet":"max-snippet:-1","max-image-preview":"max-image-preview:large","max-video-preview":"max-video-preview:-1"},"canonical":"https:\/\/segimo.ch\/en\/contact\/","og_locale":"en_US","og_type":"article","og_title":"Contact - Segimo - Groupe Immobilier Gen\u00e8ve - Vaud - Fribourg - Valais","og_description":"Segimo est une agence immobiliere bas\u00e9e \u00e0 Gen\u00e8ve sp\u00e9cialis\u00e9e dans la vente d'objet immobilier sur le Canton de Geneve, Vaud et en Suisse Romande.","og_url":"https:\/\/segimo.ch\/en\/contact\/","og_site_name":"Segimo","article_modified_time":"2021-04-30T13:47:59+00:00","og_image":[{"width":1916,"height":1046,"url":"https:\/\/segimo.ch\/wp-content\/uploads\/2021\/02\/bg-typewriter-min.jpg","type":"image\/jpeg"}],"twitter_card":"summary_large_image","twitter_misc":{"Est. reading time":"8 minutes"},"schema":{"@context":"https:\/\/schema.org","@graph":[{"@type":"WebPage","@id":"https:\/\/segimo.ch\/en\/contact\/","url":"https:\/\/segimo.ch\/en\/contact\/","name":"Contact - Segimo - Groupe Immobilier Gen\u00e8ve - Vaud - Fribourg - Valais","isPartOf":{"@id":"https:\/\/segimo.ch\/en\/#website"},"primaryImageOfPage":{"@id":"https:\/\/segimo.ch\/en\/contact\/#primaryimage"},"image":{"@id":"https:\/\/segimo.ch\/en\/contact\/#primaryimage"},"thumbnailUrl":"https:\/\/segimo.ch\/wp-content\/uploads\/2021\/02\/bg-typewriter-min.jpg","datePublished":"2021-04-30T13:17:50+00:00","dateModified":"2021-04-30T13:47:59+00:00","description":"Segimo est une agence immobiliere bas\u00e9e \u00e0 Gen\u00e8ve sp\u00e9cialis\u00e9e dans la vente d'objet immobilier sur le Canton de Geneve, Vaud et en Suisse Romande.","breadcrumb":{"@id":"https:\/\/segimo.ch\/en\/contact\/#breadcrumb"},"inLanguage":"en-US","potentialAction":[{"@type":"ReadAction","target":["https:\/\/segimo.ch\/en\/contact\/"]}]},{"@type":"ImageObject","inLanguage":"en-US","@id":"https:\/\/segimo.ch\/en\/contact\/#primaryimage","url":"https:\/\/segimo.ch\/wp-content\/uploads\/2021\/02\/bg-typewriter-min.jpg","contentUrl":"https:\/\/segimo.ch\/wp-content\/uploads\/2021\/02\/bg-typewriter-min.jpg","width":1916,"height":1046},{"@type":"BreadcrumbList","@id":"https:\/\/segimo.ch\/en\/contact\/#breadcrumb","itemListElement":[{"@type":"ListItem","position":1,"name":"Accueil","item":"https:\/\/segimo.ch\/en\/"},{"@type":"ListItem","position":2,"name":"Contact"}]},{"@type":"WebSite","@id":"https:\/\/segimo.ch\/en\/#website","url":"https:\/\/segimo.ch\/en\/","name":"Segimo","description":"Groupe Immobilier Gen\u00e8ve - Vaud - Fribourg - Valais","publisher":{"@id":"https:\/\/segimo.ch\/en\/#organization"},"potentialAction":[{"@type":"SearchAction","target":{"@type":"EntryPoint","urlTemplate":"https:\/\/segimo.ch\/en\/?s={search_term_string}"},"query-input":{"@type":"PropertyValueSpecification","valueRequired":true,"valueName":"search_term_string"}}],"inLanguage":"en-US"},{"@type":"Organization","@id":"https:\/\/segimo.ch\/en\/#organization","name":"Segimo - Groupe immobilier","url":"https:\/\/segimo.ch\/en\/","logo":{"@type":"ImageObject","inLanguage":"en-US","@id":"https:\/\/segimo.ch\/en\/#\/schema\/logo\/image\/","url":"https:\/\/segimo.ch\/wp-content\/uploads\/2021\/02\/logo-segimo.png","contentUrl":"https:\/\/segimo.ch\/wp-content\/uploads\/2021\/02\/logo-segimo.png","width":600,"height":600,"caption":"Segimo - Groupe immobilier"},"image":{"@id":"https:\/\/segimo.ch\/en\/#\/schema\/logo\/image\/"}}]}},"_links":{"self":[{"href":"https:\/\/segimo.ch\/en\/wp-json\/wp\/v2\/pages\/30988","targetHints":{"allow":["GET"]}}],"collection":[{"href":"https:\/\/segimo.ch\/en\/wp-json\/wp\/v2\/pages"}],"about":[{"href":"https:\/\/segimo.ch\/en\/wp-json\/wp\/v2\/types\/page"}],"author":[{"embeddable":true,"href":"https:\/\/segimo.ch\/en\/wp-json\/wp\/v2\/users\/5"}],"replies":[{"embeddable":true,"href":"https:\/\/segimo.ch\/en\/wp-json\/wp\/v2\/comments?post=30988"}],"version-history":[{"count":7,"href":"https:\/\/segimo.ch\/en\/wp-json\/wp\/v2\/pages\/30988\/revisions"}],"predecessor-version":[{"id":31013,"href":"https:\/\/segimo.ch\/en\/wp-json\/wp\/v2\/pages\/30988\/revisions\/31013"}],"wp:featuredmedia":[{"embeddable":true,"href":"https:\/\/segimo.ch\/en\/wp-json\/wp\/v2\/media\/30716"}],"wp:attachment":[{"href":"https:\/\/segimo.ch\/en\/wp-json\/wp\/v2\/media?parent=30988"}],"curies":[{"name":"wp","href":"https:\/\/api.w.org\/{rel}","templated":true}]}}